{"id":47,"date":"2013-05-25T16:11:29","date_gmt":"2013-05-25T14:11:29","guid":{"rendered":"http:\/\/thevvs.inside1.net\/wp\/?page_id=47"},"modified":"2013-05-25T16:23:20","modified_gmt":"2013-05-25T14:23:20","slug":"about","status":"publish","type":"page","link":"http:\/\/thevvs.inside1.net\/wp\/?page_id=47","title":{"rendered":"About"},"content":{"rendered":"<table id=\"AutoNumber1\" width=\"735\" border=\"0\" cellspacing=\"1\" bgcolor=\"#40454C\">\n<tbody>\n<tr>\n<td colspan=\"2\" bgcolor=\"#C0C0C0\" width=\"735\" height=\"22\">\n<p align=\"center\"><span style=\"font-family: Verdana; color: #008080;\"><strong>PsyCom Systems &amp; GhettoCribes sind Abteilungen von Psyres Inc.<\/strong><\/span><\/p>\n<\/td>\n<\/tr>\n<tr>\n<td width=\"372\" height=\"24\"><\/td>\n<td width=\"363\" height=\"24\"><\/td>\n<\/tr>\n<tr>\n<td valign=\"top\" width=\"372\" height=\"24\"><strong>Psyres Incorporated<\/strong><\/td>\n<td width=\"363\" height=\"24\">Organisation&amp;Music-Group. Der Name setzt sich aus der Abk\u00fcrzung von Psychical-Research zusammen. Gegr. 1993 vom VVS.<\/td>\n<\/tr>\n<tr>\n<td valign=\"top\" width=\"372\" height=\"24\"><strong>PsyCom Systems<\/strong><\/td>\n<td width=\"363\" height=\"24\">Electronic&amp;Computer Club. Besch\u00e4ftigt sich ausschliesslich mit Informationstechnologie und Internet.<\/td>\n<\/tr>\n<tr>\n<td valign=\"top\" width=\"372\" height=\"24\"><strong>GhettoCribes<\/strong><\/td>\n<td width=\"363\" height=\"24\">eine Community, die sich mit Esoterik, Wahrheitsfindung, NWO, Freie Energie usw. besch\u00e4ftigt. Geschaffen wurde der Name von dem S-VVS, aka CJ.<\/td>\n<\/tr>\n<tr>\n<td colspan=\"2\" width=\"735\" height=\"1\">\n<div align=\"center\"><center><\/p>\n<table id=\"table1\" width=\"737\" border=\"0\" cellspacing=\"0\" cellpadding=\"0\">\n<tbody>\n<tr>\n<td bgcolor=\"#C0C0C0\" width=\"731\">\n<p align=\"center\"><strong><span style=\"color: #008080;\"><em><span style=\"font-family: 'Alien Encounters';\">PsyCom Systems<\/span><\/em><\/span><\/strong><\/p>\n<\/td>\n<\/tr>\n<tr>\n<td bgcolor=\"#666666\" width=\"731\">\n<p align=\"center\"><span style=\"font-family: 'Flat Brush'; font-size: small;\">ist\u00a0<em><strong><span style=\"text-decoration: underline;\">keine Firma<\/span><\/strong><\/em>\u00a0sondern ein privater Computer-Club, der mit seinen Mitgliedern und Interessenten<br \/>\nSoftware, Musik, Dienste o.\u00e4. anbietet.<br \/>\nWir erbringen unsere Leistungen, so lange wir ein Club sind, kostenlos f\u00fcr jede Privatperson.<br \/>\nNat\u00fcrlich freuen wir uns \u00fcber jeden Link auf einer fremden Seite, der zu uns f\u00fchrt.<\/span><\/p>\n<\/td>\n<\/tr>\n<tr>\n<td bgcolor=\"#C0C0C0\" width=\"731\">\n<p align=\"center\"><strong><em><span style=\"font-family: 'Alien Encounters'; color: #008080;\">Historisches<\/span><\/em><\/strong><\/p>\n<\/td>\n<\/tr>\n<tr>\n<td bgcolor=\"#666666\" width=\"731\">\n<p align=\"center\"><span style=\"font-size: small;\">Am 25.12.93 gr\u00fcndeten meine Freunde und ich einen Club, der sich &#8220;Psyres Incorporated&#8221; (Psyres Inc.) nannte.<br \/>\nWir waren eine Interessengemeinschaft die sich mit parapsychologischen und extraterrestrischen Ph\u00e4nomenen befasste.<br \/>\n(Den Namen PsyRes haben wir aus Psychical Research abgeleitet &#8211; da das eine Abk\u00fcrzung ist, musste noch das Incorporated dran)<\/span><\/p>\n<\/td>\n<\/tr>\n<tr>\n<td bgcolor=\"#666666\" width=\"731\">\n<p align=\"center\"><span style=\"font-size: small;\">Jeder, der seine Erfahrungen einbringen wollte wurde Mitglied. Aufgrund der un\u00fcbersichtlichen Menge fingen wir an, &#8220;Steckbriefe&#8221; anzufertigen, wo Erfahrungen und Interessen verzeichnet waren. Dabei bemerkten wir, das noch andere Interessen in diesen Daten standen, die tw. zu anderen Briefen passten &#8211; da kamen wir auf die Idee, zb. Computerinteressierte zusammenzubringen. So fand Programmierer zu Programmierer, Musiker zu Musiker usw.. Um diese &#8220;offtopic&#8221; interessen zusammanzufassen, wurde eine &#8220;Abteilung&#8221; gegr\u00fcndet, unter dessen Namen jeweils die Erzeugnisse eines Zusammenschlusses (Bei Musik zb. die Band) auftauchten. In erster Linie von dem Computersachen inspiriert, kamen wir auf den Namen &#8220;Psyres Computing&#8221;, was sich seltsam anh\u00f6rte und kurzerhand zu &#8220;PsyCom&#8221; gek\u00fcrzt wurde, wo allerdings der Verweis auf Psyres fehlte. Insgesamt hies es dann &#8220;Psyres Incorporated department PsyCom&#8221;. Als die Music und die Schriftsteller dazu kamen, fanden wir keinen besseren Namen und liessen diesen Bereich bei &#8220;PsyCom&#8221; und alle Software lief dann unter &#8220;PsyCom Systems&#8221;,<br \/>\nso entstand der Name&#8230;<\/span><\/p>\n<\/td>\n<\/tr>\n<tr>\n<td bgcolor=\"#666666\" width=\"731\">\n<p align=\"center\"><span style=\"font-size: small;\">Heute sind wir weniger Mitglieder als fr\u00fcher. Die Betriebssysteme verlangten andere Programmiersprachen und unsere Tools wurden nicht mehr gebraucht. Die Musik entwickelte sich durch das Internet allerdings besser, wie unter\u00a0MUSIK\u00a0zu sehen. Wir machten und machen nach wie vor alles f\u00fcr &#8220;Public Domain&#8221;, daher mussten wir nie eine Firma werden und blieben immer Frei. Der einzigste Nachteil: Im Laufe des Internetzeitalters kamen andere &#8220;PsyCom\u00b4s&#8221; und &#8220;PsyRes\u00b4&#8221; daher. Aber das machte nichts, immerhin kannte man schonmal diesen Namen. Wer uns kennt, kannte damit die anderen auch&#8230;<\/span><\/p>\n<\/td>\n<\/tr>\n<tr>\n<td bgcolor=\"#666666\" width=\"731\">\n<p align=\"center\"><span style=\"font-size: small;\">Vielleicht, siehe\u00a0Projects, gibt es bald eine Abteilung &#8220;PsyCouch&#8221;, &#8220;PsyNet&#8221;, &#8220;PsyBass&#8221;&#8230; \ud83d\ude09<\/span><\/p>\n<p><span style=\"font-size: small;\">\u00a0<\/span><\/td>\n<\/tr>\n<\/tbody>\n<\/table>\n<p><\/center><\/div>\n<\/td>\n<\/tr>\n<\/tbody>\n<\/table>\n","protected":false},"excerpt":{"rendered":"<p>PsyCom Systems &amp; GhettoCribes sind Abteilungen von Psyres Inc. Psyres Incorporated Organisation&amp;Music-Group. Der Name setzt sich aus der Abk\u00fcrzung von Psychical-Research zusammen. Gegr. 1993 vom VVS. PsyCom Systems Electronic&amp;Computer Club. Besch\u00e4ftigt sich ausschliesslich mit Informationstechnologie und Internet. GhettoCribes eine Community, die sich mit Esoterik, Wahrheitsfindung, NWO, Freie Energie usw. besch\u00e4ftigt. Geschaffen wurde der Name von [&hellip;]<\/p>\n","protected":false},"author":2,"featured_media":0,"parent":0,"menu_order":0,"comment_status":"closed","ping_status":"open","template":"","meta":{"footnotes":""},"class_list":["post-47","page","type-page","status-publish","czr-hentry"],"_links":{"self":[{"href":"http:\/\/thevvs.inside1.net\/wp\/index.php?rest_route=\/wp\/v2\/pages\/47","targetHints":{"allow":["GET"]}}],"collection":[{"href":"http:\/\/thevvs.inside1.net\/wp\/index.php?rest_route=\/wp\/v2\/pages"}],"about":[{"href":"http:\/\/thevvs.inside1.net\/wp\/index.php?rest_route=\/wp\/v2\/types\/page"}],"author":[{"embeddable":true,"href":"http:\/\/thevvs.inside1.net\/wp\/index.php?rest_route=\/wp\/v2\/users\/2"}],"replies":[{"embeddable":true,"href":"http:\/\/thevvs.inside1.net\/wp\/index.php?rest_route=%2Fwp%2Fv2%2Fcomments&post=47"}],"version-history":[{"count":0,"href":"http:\/\/thevvs.inside1.net\/wp\/index.php?rest_route=\/wp\/v2\/pages\/47\/revisions"}],"wp:attachment":[{"href":"http:\/\/thevvs.inside1.net\/wp\/index.php?rest_route=%2Fwp%2Fv2%2Fmedia&parent=47"}],"curies":[{"name":"wp","href":"https:\/\/api.w.org\/{rel}","templated":true}]}}